{"id":11,"date":"2024-07-21T17:52:55","date_gmt":"2024-07-21T17:52:55","guid":{"rendered":"https:\/\/ics.cr\/?page_id=11"},"modified":"2024-10-28T15:24:09","modified_gmt":"2024-10-28T15:24:09","slug":"our-firm","status":"publish","type":"page","link":"https:\/\/ics.cr\/en\/nuestra-firma\/","title":{"rendered":"Our Firm"},"content":{"rendered":"<style>\r\n.lwrp.link-whisper-related-posts{\r\n            \r\n            margin-top: 40px;\nmargin-bottom: 30px;\r\n        }\r\n        .lwrp .lwrp-title{\r\n            \r\n            \r\n        }.lwrp .lwrp-description{\r\n            \r\n            \r\n\r\n        }\r\n        .lwrp .lwrp-list-container{\r\n        }\r\n        .lwrp .lwrp-list-multi-container{\r\n            display: flex;\r\n        }\r\n        .lwrp .lwrp-list-double{\r\n            width: 48%;\r\n        }\r\n        .lwrp .lwrp-list-triple{\r\n            width: 32%;\r\n        }\r\n        .lwrp .lwrp-list-row-container{\r\n            display: flex;\r\n            justify-content: space-between;\r\n        }\r\n        .lwrp .lwrp-list-row-container .lwrp-list-item{\r\n            width: calc(25% - 20px);\r\n        }\r\n        .lwrp .lwrp-list-item:not(.lwrp-no-posts-message-item){\r\n            \r\n            \r\n        }\r\n        .lwrp .lwrp-list-item img{\r\n            max-width: 100%;\r\n            height: auto;\r\n            object-fit: cover;\r\n            aspect-ratio: 1 \/ 1;\r\n        }\r\n        .lwrp .lwrp-list-item.lwrp-empty-list-item{\r\n            background: initial !important;\r\n        }\r\n        .lwrp .lwrp-list-item .lwrp-list-link .lwrp-list-link-title-text,\r\n        .lwrp .lwrp-list-item .lwrp-list-no-posts-message{\r\n            \r\n            \r\n            \r\n            \r\n        }@media screen and (max-width: 480px) {\r\n            .lwrp.link-whisper-related-posts{\r\n                \r\n                \r\n            }\r\n            .lwrp .lwrp-title{\r\n                \r\n                \r\n            }.lwrp .lwrp-description{\r\n                \r\n                \r\n            }\r\n            .lwrp .lwrp-list-multi-container{\r\n                flex-direction: column;\r\n            }\r\n            .lwrp .lwrp-list-multi-container ul.lwrp-list{\r\n                margin-top: 0px;\r\n                margin-bottom: 0px;\r\n                padding-top: 0px;\r\n                padding-bottom: 0px;\r\n            }\r\n            .lwrp .lwrp-list-double,\r\n            .lwrp .lwrp-list-triple{\r\n                width: 100%;\r\n            }\r\n            .lwrp .lwrp-list-row-container{\r\n                justify-content: initial;\r\n                flex-direction: column;\r\n            }\r\n            .lwrp .lwrp-list-row-container .lwrp-list-item{\r\n                width: 100%;\r\n            }\r\n            .lwrp .lwrp-list-item:not(.lwrp-no-posts-message-item){\r\n                \r\n                \r\n            }\r\n            .lwrp .lwrp-list-item .lwrp-list-link .lwrp-list-link-title-text,\r\n            .lwrp .lwrp-list-item .lwrp-list-no-posts-message{\r\n                \r\n                \r\n                \r\n                \r\n            };\r\n        }<\/style>\r\n<div id=\"link-whisper-related-posts-widget\" class=\"link-whisper-related-posts lwrp\">\r\n            <h2 class=\"lwrp-title\">Related Posts<\/h2>    \r\n        <div class=\"lwrp-list-container\">\r\n                                            <div class=\"lwrp-list-multi-container\">\r\n                    <ul class=\"lwrp-list lwrp-list-double lwrp-list-left\">\r\n                        <li class=\"lwrp-list-item\"><a href=\"https:\/\/ics.cr\/en\/central-banks-monthly-index-of-economic-activity-records-growth-as-of-february-2024\/\" class=\"lwrp-list-link\"><span class=\"lwrp-list-link-title-text\">Central Bank's monthly economic activity index records growth as of February 2024<\/span><\/a><\/li><li class=\"lwrp-list-item\"><a href=\"https:\/\/ics.cr\/en\/large-domestic-taxpayers-required-to-file-audited-financial-statements\/\" class=\"lwrp-list-link\"><span class=\"lwrp-list-link-title-text\">Large National Taxpayers obliged to submit audited Financial Statements<\/span><\/a><\/li><li class=\"lwrp-list-item\"><a href=\"https:\/\/ics.cr\/en\/what-happens-if-i-dont-file-my-income-tax-return-on-wednesday\/\" class=\"lwrp-list-link\"><span class=\"lwrp-list-link-title-text\">What happens if I do not file my income tax return on Wednesday?<\/span><\/a><\/li><li class=\"lwrp-list-item\"><a href=\"https:\/\/ics.cr\/en\/fith-upgrades-costa-ricas-sovereign-risk-rating\/\" class=\"lwrp-list-link\"><span class=\"lwrp-list-link-title-text\">FITH upgrades Costa Rica's sovereign risk rating<\/span><\/a><\/li>                    <\/ul>\r\n                    <ul class=\"lwrp-list lwrp-list-double lwrp-list-right\">\r\n                        <li class=\"lwrp-list-item\"><a href=\"https:\/\/ics.cr\/en\/legal-services\/financial-audit-services-internal-audit-and-risk-consulting-services\/\" class=\"lwrp-list-link\"><span class=\"lwrp-list-link-title-text\">Financial auditing, internal audit and risk consulting services<\/span><\/a><\/li><li class=\"lwrp-list-item\"><a href=\"https:\/\/ics.cr\/en\/general-resolution-on-the-formal-duty-of-taxpayers-exempt-from-declaring-vat-is-published-for-public-consultation\/\" class=\"lwrp-list-link\"><span class=\"lwrp-list-link-title-text\">General Resolution on the formal duty of taxpayers exempt from declaring VAT is published for public consultation.<\/span><\/a><\/li><li class=\"lwrp-list-item\"><a href=\"https:\/\/ics.cr\/en\/ministry-of-finance-moves-service-to-the-public-of-the-east-tax-administration\/\" class=\"lwrp-list-link\"><span class=\"lwrp-list-link-title-text\">Ministry of Finance moves service to the public from the East Tax Administration<\/span><\/a><\/li><li class=\"lwrp-list-item\"><a href=\"https:\/\/ics.cr\/en\/avoid-mishaps-use-the-electronic-invoices-correctly\/\" class=\"lwrp-list-link\"><span class=\"lwrp-list-link-title-text\">Avoid pitfalls: Use electronic invoices correctly<\/span><\/a><\/li>                    <\/ul>\r\n                <\/div>\r\n                        <\/div>\r\n<\/div>","protected":false},"excerpt":{"rendered":"<p>Related Posts \u00cdndice mensual de actividad econ\u00f3mica del Banco Central registra crecimiento a febrero de 2024Grandes Contribuyentes Nacionales obligados apresentar Estados Financieros auditados\u00bfQu\u00e9 pasa si no presento mi declaraci\u00f3n del impuesto sobre las utilidades el mi\u00e9rcoles?FITH mejora calificaci\u00f3n de riesgo soberana de Costa Rica Servicios de auditor\u00eda financiera, auditor\u00eda interna y consultor\u00eda en riesgoSe publica [&hellip;]<\/p>\n","protected":false},"author":1,"featured_media":0,"parent":0,"menu_order":0,"comment_status":"closed","ping_status":"closed","template":"","meta":{"_acf_changed":false,"footnotes":""},"categories":[],"tags":[],"class_list":["post-11","page","type-page","status-publish","hentry"],"acf":[],"_links":{"self":[{"href":"https:\/\/ics.cr\/en\/wp-json\/wp\/v2\/pages\/11","targetHints":{"allow":["GET"]}}],"collection":[{"href":"https:\/\/ics.cr\/en\/wp-json\/wp\/v2\/pages"}],"about":[{"href":"https:\/\/ics.cr\/en\/wp-json\/wp\/v2\/types\/page"}],"author":[{"embeddable":true,"href":"https:\/\/ics.cr\/en\/wp-json\/wp\/v2\/users\/1"}],"replies":[{"embeddable":true,"href":"https:\/\/ics.cr\/en\/wp-json\/wp\/v2\/comments?post=11"}],"version-history":[{"count":37,"href":"https:\/\/ics.cr\/en\/wp-json\/wp\/v2\/pages\/11\/revisions"}],"predecessor-version":[{"id":847,"href":"https:\/\/ics.cr\/en\/wp-json\/wp\/v2\/pages\/11\/revisions\/847"}],"wp:attachment":[{"href":"https:\/\/ics.cr\/en\/wp-json\/wp\/v2\/media?parent=11"}],"wp:term":[{"taxonomy":"category","embeddable":true,"href":"https:\/\/ics.cr\/en\/wp-json\/wp\/v2\/categories?post=11"},{"taxonomy":"post_tag","embeddable":true,"href":"https:\/\/ics.cr\/en\/wp-json\/wp\/v2\/tags?post=11"}],"curies":[{"name":"wp","href":"https:\/\/api.w.org\/{rel}","templated":true}]}}