{"id":3,"date":"2024-07-17T02:02:05","date_gmt":"2024-07-17T02:02:05","guid":{"rendered":"http:\/\/ics.cr\/?page_id=3"},"modified":"2025-03-19T23:11:20","modified_gmt":"2025-03-19T23:11:20","slug":"privacy-policy","status":"publish","type":"page","link":"https:\/\/ics.cr\/en\/privacy-policy\/","title":{"rendered":"Privacy Policy"},"content":{"rendered":"<p>At ICS Consultores, accessible from <a href=\"https:\/\/ics.cr\/en\/\">https:\/\/ics.cr\/<\/a>One of our top priorities is the privacy of our visitors. This Privacy Policy document contains the types of information that are collected and recorded by ICS Consultants and how we use them.<\/p>\n\n\n\n<p>If you have additional questions or need more information about our Privacy Policy, please do not hesitate to contact us.<\/p>\n\n\n\n<p>This Privacy Policy applies only to our online activities and is valid for visitors to our website in relation to the information they shared and\/or that ICS Consultants collected. This policy does not apply to any information collected offline or through channels other than this website.<\/p>\n\n\n\n<p><strong>Consent<\/strong><br>By using our website, you accept our Privacy Policy and agree to its terms.<\/p>\n\n\n\n<p><strong>Information we collect<\/strong><br>The personal information you are asked to provide and the reasons why you are asked to provide such information will be clearly explained to you at the time we ask you to provide your personal information.<\/p>\n\n\n\n<p>If you communicate with us directly, we may receive additional information about you, such as your name, e-mail address, telephone number, the content of the message and\/or attachments you send us, and any other information you choose to provide.<\/p>\n\n\n\n<p>When you register for an account, we may ask for your contact information, including information such as name, company name, address, email address and phone number.<\/p>\n\n\n\n<p><strong>How we use your information<\/strong><br>We use the information we collect in a variety of ways, including:<\/p>\n\n\n\n<ul class=\"wp-block-list\">\n<li>To provide, operate and maintain our website.<\/li>\n\n\n\n<li>Improve, customize and expand our website.<\/li>\n\n\n\n<li>Understand and analyze how you use our website.<\/li>\n\n\n\n<li>Develop new products, services, functions and features.<\/li>\n\n\n\n<li>Communicate with you, either directly or through one of our partners, including for customer service, to provide you with updates and other information related to the website, and for marketing and promotional purposes.<\/li>\n\n\n\n<li>Send you e-mails.<\/li>\n\n\n\n<li>Detect and prevent fraud.<\/li>\n<\/ul>\n\n\n\n<p><\/p>\n\n\n\n<p><strong>Log Files<\/strong><br>ICS Consultants follows a standard procedure of using log files. These files record visitors when they visit websites. All hosting companies do this as part of their hosting analysis services. The information collected by the log files includes internet protocol (IP) addresses, browser type, <a href=\"https:\/\/ics.cr\/en\/executive-presents-bill-for-cryptoasset-service-providers-in-the-country-to-report-information-to-the-tax-authorities\/\"  data-wpil-monitor-id=\"38\">service provider<\/a> Internet Service Provider (ISP), date and time, referring\/exit pages, and possibly the number of clicks. This information is not linked to any personally identifiable information. The purpose of the information is to analyze trends, administer the site, track users' movement around the web site, and gather demographic information.<\/p>\n\n\n\n<p><strong>Cookies and web beacons<\/strong><br>Like any other website, ICS Consultores uses \"cookies\". These cookies are used to store information, including visitor preferences and the pages of the website accessed or visited by the visitor. The information is used to optimize the user experience by customizing the content of our website based on the visitor's browser type and\/or other information.<\/p>\n\n\n\n<p><strong>Advertising Partner Privacy Policy<\/strong><br>You can consult this list to find the Privacy Policy of each of ICS Consultores' advertising partners.<\/p>\n\n\n\n<p>Third-party ad servers or ad networks use technologies such as cookies, JavaScript or web beacons that are used in their respective advertisements and links that appear on ICS Consultants, which are sent directly to the users' browser. They automatically receive your IP address when this occurs. These technologies are used to measure the effectiveness of their advertising campaigns and\/or to personalize the advertising content you see on the websites you visit.<\/p>\n\n\n\n<p>Please note that ICS Consultants has no access to or control over these cookies used by third party advertisers.<\/p>\n\n\n\n<p><strong>Third Party Privacy Policy<\/strong><br>ICS Consultants' Privacy Policy does not apply to other advertisers or websites. Therefore, we recommend that you consult the respective Privacy Policies of these third-party ad servers for more detailed information. It may include their practices and instructions on how to opt out of certain choices.<\/p>\n<style>\r\n.lwrp.link-whisper-related-posts{\r\n            \r\n            margin-top: 40px;\nmargin-bottom: 30px;\r\n        }\r\n        .lwrp .lwrp-title{\r\n            \r\n            \r\n        }.lwrp .lwrp-description{\r\n            \r\n            \r\n\r\n        }\r\n        .lwrp .lwrp-list-container{\r\n        }\r\n        .lwrp .lwrp-list-multi-container{\r\n            display: flex;\r\n        }\r\n        .lwrp .lwrp-list-double{\r\n            width: 48%;\r\n        }\r\n        .lwrp .lwrp-list-triple{\r\n            width: 32%;\r\n        }\r\n        .lwrp .lwrp-list-row-container{\r\n            display: flex;\r\n            justify-content: space-between;\r\n        }\r\n        .lwrp .lwrp-list-row-container .lwrp-list-item{\r\n            width: calc(25% - 20px);\r\n        }\r\n        .lwrp .lwrp-list-item:not(.lwrp-no-posts-message-item){\r\n            \r\n            \r\n        }\r\n        .lwrp .lwrp-list-item img{\r\n            max-width: 100%;\r\n            height: auto;\r\n            object-fit: cover;\r\n            aspect-ratio: 1 \/ 1;\r\n        }\r\n        .lwrp .lwrp-list-item.lwrp-empty-list-item{\r\n            background: initial !important;\r\n        }\r\n        .lwrp .lwrp-list-item .lwrp-list-link .lwrp-list-link-title-text,\r\n        .lwrp .lwrp-list-item .lwrp-list-no-posts-message{\r\n            \r\n            \r\n            \r\n            \r\n        }@media screen and (max-width: 480px) {\r\n            .lwrp.link-whisper-related-posts{\r\n                \r\n                \r\n            }\r\n            .lwrp .lwrp-title{\r\n                \r\n                \r\n            }.lwrp .lwrp-description{\r\n                \r\n                \r\n            }\r\n            .lwrp .lwrp-list-multi-container{\r\n                flex-direction: column;\r\n            }\r\n            .lwrp .lwrp-list-multi-container ul.lwrp-list{\r\n                margin-top: 0px;\r\n                margin-bottom: 0px;\r\n                padding-top: 0px;\r\n                padding-bottom: 0px;\r\n            }\r\n            .lwrp .lwrp-list-double,\r\n            .lwrp .lwrp-list-triple{\r\n                width: 100%;\r\n            }\r\n            .lwrp .lwrp-list-row-container{\r\n                justify-content: initial;\r\n                flex-direction: column;\r\n            }\r\n            .lwrp .lwrp-list-row-container .lwrp-list-item{\r\n                width: 100%;\r\n            }\r\n            .lwrp .lwrp-list-item:not(.lwrp-no-posts-message-item){\r\n                \r\n                \r\n            }\r\n            .lwrp .lwrp-list-item .lwrp-list-link .lwrp-list-link-title-text,\r\n            .lwrp .lwrp-list-item .lwrp-list-no-posts-message{\r\n                \r\n                \r\n                \r\n                \r\n            };\r\n        }<\/style>\r\n<div id=\"link-whisper-related-posts-widget\" class=\"link-whisper-related-posts lwrp\">\r\n            <h2 class=\"lwrp-title\">Related Posts<\/h2>    \r\n        <div class=\"lwrp-list-container\">\r\n                                            <div class=\"lwrp-list-multi-container\">\r\n                    <ul class=\"lwrp-list lwrp-list-double lwrp-list-left\">\r\n                        <li class=\"lwrp-list-item\"><a href=\"https:\/\/ics.cr\/en\/which-financial-institution-offers-the-highest-interest-rates-in-us-dollars\/\" class=\"lwrp-list-link\"><span class=\"lwrp-list-link-title-text\">Which financial institution offers the highest interest rates in dollars?<\/span><\/a><\/li><li class=\"lwrp-list-item\"><a href=\"https:\/\/ics.cr\/en\/in-view-of-the-closing\/\" class=\"lwrp-list-link\"><span class=\"lwrp-list-link-title-text\">Looking ahead to closing: Some recent criteria on deductible expenses<\/span><\/a><\/li><li class=\"lwrp-list-item\"><a href=\"https:\/\/ics.cr\/en\/consensus-in-the-legislature-to-migrate-to-a-global-dual-income-tax\/\" class=\"lwrp-list-link\"><span class=\"lwrp-list-link-title-text\">Consensus in the Legislative Assembly: migration to a global and dual income tax is needed<\/span><\/a><\/li><li class=\"lwrp-list-item\"><a href=\"https:\/\/ics.cr\/en\/legal-services\/tax-consultancy\/\" class=\"lwrp-list-link\"><span class=\"lwrp-list-link-title-text\">Tax Advisory in Costa Rica<\/span><\/a><\/li>                    <\/ul>\r\n                    <ul class=\"lwrp-list lwrp-list-double lwrp-list-right\">\r\n                        <li class=\"lwrp-list-item\"><a href=\"https:\/\/ics.cr\/en\/government-to-deposit-school-salaries-to-civil-servants-on-january-22-2024\/\" class=\"lwrp-list-link\"><span class=\"lwrp-list-link-title-text\">Government to deposit School Salary to civil servants on January 22, 2024<\/span><\/a><\/li><li class=\"lwrp-list-item\"><a href=\"https:\/\/ics.cr\/en\/new-tax-interest-rate-2025\/\" class=\"lwrp-list-link\"><span class=\"lwrp-list-link-title-text\">\u00a0New 2025 Tax Interest Rate<\/span><\/a><\/li><li class=\"lwrp-list-item\"><a href=\"https:\/\/ics.cr\/en\/new-deadline-for-the-informative-declaration-of-inactive-companies\/\" class=\"lwrp-list-link\"><span class=\"lwrp-list-link-title-text\">New deadline for the informative return of inactive companies<\/span><\/a><\/li><li class=\"lwrp-list-item\"><a href=\"https:\/\/ics.cr\/en\/central-bank-of-costa-rica-forecasts-4-percent-growth-for-2024-and-2025\/\" class=\"lwrp-list-link\"><span class=\"lwrp-list-link-title-text\">Central Bank of Costa Rica forecasts 4% growth for 2024 and 2025<\/span><\/a><\/li>                    <\/ul>\r\n                <\/div>\r\n                        <\/div>\r\n<\/div>","protected":false},"excerpt":{"rendered":"<p>En ICS Consultores, accesible desde https:\/\/ics.cr\/, una de nuestras principales prioridades es la privacidad de nuestros visitantes. Este documento de Pol\u00edtica de Privacidad contiene los tipos de informaci\u00f3n que son recopilados y registrados por ICS Consultores y c\u00f3mo los utilizamos. Si tiene preguntas adicionales o necesita m\u00e1s informaci\u00f3n sobre nuestra Pol\u00edtica de Privacidad, no dude [&hellip;]<\/p>\n","protected":false},"author":1,"featured_media":0,"parent":0,"menu_order":0,"comment_status":"closed","ping_status":"open","template":"","meta":{"_acf_changed":false,"footnotes":""},"categories":[],"tags":[],"class_list":["post-3","page","type-page","status-publish","hentry"],"acf":[],"_links":{"self":[{"href":"https:\/\/ics.cr\/en\/wp-json\/wp\/v2\/pages\/3","targetHints":{"allow":["GET"]}}],"collection":[{"href":"https:\/\/ics.cr\/en\/wp-json\/wp\/v2\/pages"}],"about":[{"href":"https:\/\/ics.cr\/en\/wp-json\/wp\/v2\/types\/page"}],"author":[{"embeddable":true,"href":"https:\/\/ics.cr\/en\/wp-json\/wp\/v2\/users\/1"}],"replies":[{"embeddable":true,"href":"https:\/\/ics.cr\/en\/wp-json\/wp\/v2\/comments?post=3"}],"version-history":[{"count":8,"href":"https:\/\/ics.cr\/en\/wp-json\/wp\/v2\/pages\/3\/revisions"}],"predecessor-version":[{"id":1216,"href":"https:\/\/ics.cr\/en\/wp-json\/wp\/v2\/pages\/3\/revisions\/1216"}],"wp:attachment":[{"href":"https:\/\/ics.cr\/en\/wp-json\/wp\/v2\/media?parent=3"}],"wp:term":[{"taxonomy":"category","embeddable":true,"href":"https:\/\/ics.cr\/en\/wp-json\/wp\/v2\/categories?post=3"},{"taxonomy":"post_tag","embeddable":true,"href":"https:\/\/ics.cr\/en\/wp-json\/wp\/v2\/tags?post=3"}],"curies":[{"name":"wp","href":"https:\/\/api.w.org\/{rel}","templated":true}]}}