{"id":597,"date":"2024-09-17T19:55:27","date_gmt":"2024-09-17T19:55:27","guid":{"rendered":"https:\/\/ics.cr\/?page_id=597"},"modified":"2025-01-22T18:21:40","modified_gmt":"2025-01-22T18:21:40","slug":"ics-reports","status":"publish","type":"page","link":"https:\/\/ics.cr\/en\/ics-informa\/","title":{"rendered":"ICS Reports"},"content":{"rendered":"<style>\r\n.lwrp.link-whisper-related-posts{\r\n            \r\n            margin-top: 40px;\nmargin-bottom: 30px;\r\n        }\r\n        .lwrp .lwrp-title{\r\n            \r\n            \r\n        }.lwrp .lwrp-description{\r\n            \r\n            \r\n\r\n        }\r\n        .lwrp .lwrp-list-container{\r\n        }\r\n        .lwrp .lwrp-list-multi-container{\r\n            display: flex;\r\n        }\r\n        .lwrp .lwrp-list-double{\r\n            width: 48%;\r\n        }\r\n        .lwrp .lwrp-list-triple{\r\n            width: 32%;\r\n        }\r\n        .lwrp .lwrp-list-row-container{\r\n            display: flex;\r\n            justify-content: space-between;\r\n        }\r\n        .lwrp .lwrp-list-row-container .lwrp-list-item{\r\n            width: calc(25% - 20px);\r\n        }\r\n        .lwrp .lwrp-list-item:not(.lwrp-no-posts-message-item){\r\n            \r\n            \r\n        }\r\n        .lwrp .lwrp-list-item img{\r\n            max-width: 100%;\r\n            height: auto;\r\n            object-fit: cover;\r\n            aspect-ratio: 1 \/ 1;\r\n        }\r\n        .lwrp .lwrp-list-item.lwrp-empty-list-item{\r\n            background: initial !important;\r\n        }\r\n        .lwrp .lwrp-list-item .lwrp-list-link .lwrp-list-link-title-text,\r\n        .lwrp .lwrp-list-item .lwrp-list-no-posts-message{\r\n            \r\n            \r\n            \r\n            \r\n        }@media screen and (max-width: 480px) {\r\n            .lwrp.link-whisper-related-posts{\r\n                \r\n                \r\n            }\r\n            .lwrp .lwrp-title{\r\n                \r\n                \r\n            }.lwrp .lwrp-description{\r\n                \r\n                \r\n            }\r\n            .lwrp .lwrp-list-multi-container{\r\n                flex-direction: column;\r\n            }\r\n            .lwrp .lwrp-list-multi-container ul.lwrp-list{\r\n                margin-top: 0px;\r\n                margin-bottom: 0px;\r\n                padding-top: 0px;\r\n                padding-bottom: 0px;\r\n            }\r\n            .lwrp .lwrp-list-double,\r\n            .lwrp .lwrp-list-triple{\r\n                width: 100%;\r\n            }\r\n            .lwrp .lwrp-list-row-container{\r\n                justify-content: initial;\r\n                flex-direction: column;\r\n            }\r\n            .lwrp .lwrp-list-row-container .lwrp-list-item{\r\n                width: 100%;\r\n            }\r\n            .lwrp .lwrp-list-item:not(.lwrp-no-posts-message-item){\r\n                \r\n                \r\n            }\r\n            .lwrp .lwrp-list-item .lwrp-list-link .lwrp-list-link-title-text,\r\n            .lwrp .lwrp-list-item .lwrp-list-no-posts-message{\r\n                \r\n                \r\n                \r\n                \r\n            };\r\n        }<\/style>\r\n<div id=\"link-whisper-related-posts-widget\" class=\"link-whisper-related-posts lwrp\">\r\n            <h2 class=\"lwrp-title\">Related Posts<\/h2>    \r\n        <div class=\"lwrp-list-container\">\r\n                                            <div class=\"lwrp-list-multi-container\">\r\n                    <ul class=\"lwrp-list lwrp-list-double lwrp-list-left\">\r\n                        <li class=\"lwrp-list-item\"><a href=\"https:\/\/ics.cr\/en\/procomer-job-fair-will-offer-more-than-6400-job-openings\/\" class=\"lwrp-list-link\"><span class=\"lwrp-list-link-title-text\">PROCOMER job fair to offer more than 6400 job openings<\/span><\/a><\/li><li class=\"lwrp-list-item\"><a href=\"https:\/\/ics.cr\/en\/published-in-the-official-gazette-guidelines-for-the-implementation-of-teleworking-in-the-public-sector-to-road-crisis-due-to-interventions-of-the-mopt-in-the-gam\/\" class=\"lwrp-list-link\"><span class=\"lwrp-list-link-title-text\">Published in the Official Gazette La Gaceta Guidelines for the implementation of telework in the public sector due to the road crisis caused by MOPT interventions in the GAM.<\/span><\/a><\/li><li class=\"lwrp-list-item\"><a href=\"https:\/\/ics.cr\/en\/verification-of-electronic-invoices-in-costa-rica-this-is-how-the-haciendas-new-system-works-and-how-it-detects-false-receipts\/\" class=\"lwrp-list-link\"><span class=\"lwrp-list-link-title-text\">Verification of electronic invoices in Costa Rica: this is how the new Treasury system works and how to detect false receipts<\/span><\/a><\/li><li class=\"lwrp-list-item\"><a href=\"https:\/\/ics.cr\/en\/customs-department-detains-four-tons-of-goods-due-to-import-irregularities\/\" class=\"lwrp-list-link\"><span class=\"lwrp-list-link-title-text\">General Directorate of Customs retains four tons of merchandise due to import irregularities<\/span><\/a><\/li>                    <\/ul>\r\n                    <ul class=\"lwrp-list lwrp-list-double lwrp-list-right\">\r\n                        <li class=\"lwrp-list-item\"><a href=\"https:\/\/ics.cr\/en\/last-week-was-no-ordinary-week\/\" class=\"lwrp-list-link\"><span class=\"lwrp-list-link-title-text\">The previous week was no ordinary week<\/span><\/a><\/li><li class=\"lwrp-list-item\"><a href=\"https:\/\/ics.cr\/en\/consensus-in-the-legislature-to-migrate-to-a-global-dual-income-tax\/\" class=\"lwrp-list-link\"><span class=\"lwrp-list-link-title-text\">Consensus in the Legislative Assembly: migration to a global and dual income tax is needed<\/span><\/a><\/li><li class=\"lwrp-list-item\"><a href=\"https:\/\/ics.cr\/en\/legal-services\/free-zones-costa-rica\/\" class=\"lwrp-list-link\"><span class=\"lwrp-list-link-title-text\">Tax Incentives: Free Trade Zones<\/span><\/a><\/li><li class=\"lwrp-list-item\"><a href=\"https:\/\/ics.cr\/en\/treasury-submits-for-public-consultation-supervision-criteria-for-crs-2025-report\/\" class=\"lwrp-list-link\"><span class=\"lwrp-list-link-title-text\">Treasury submits CRS 2025 reporting oversight criteria for public consultation<\/span><\/a><\/li>                    <\/ul>\r\n                <\/div>\r\n                        <\/div>\r\n<\/div>","protected":false},"excerpt":{"rendered":"<p>Related Posts Feria de empleo de PROCOMER ofrecer\u00e1 m\u00e1s de 6400 vacantesSe publica en el Diario Oficial La Gaceta Directrices para la implementaci\u00f3n teletrabajo en el sector p\u00fablico ante crisis vial por intervenciones del MOPT en la GAMVerificaci\u00f3n de facturas electr\u00f3nicas en Costa Rica: as\u00ed funciona el nuevo sistema de Hacienda y que permite detectar [&hellip;]<\/p>\n","protected":false},"author":1,"featured_media":615,"parent":0,"menu_order":0,"comment_status":"closed","ping_status":"closed","template":"","meta":{"_acf_changed":false,"footnotes":""},"categories":[10],"tags":[],"class_list":["post-597","page","type-page","status-publish","has-post-thumbnail","hentry","category-informes"],"acf":[],"_links":{"self":[{"href":"https:\/\/ics.cr\/en\/wp-json\/wp\/v2\/pages\/597","targetHints":{"allow":["GET"]}}],"collection":[{"href":"https:\/\/ics.cr\/en\/wp-json\/wp\/v2\/pages"}],"about":[{"href":"https:\/\/ics.cr\/en\/wp-json\/wp\/v2\/types\/page"}],"author":[{"embeddable":true,"href":"https:\/\/ics.cr\/en\/wp-json\/wp\/v2\/users\/1"}],"replies":[{"embeddable":true,"href":"https:\/\/ics.cr\/en\/wp-json\/wp\/v2\/comments?post=597"}],"version-history":[{"count":8,"href":"https:\/\/ics.cr\/en\/wp-json\/wp\/v2\/pages\/597\/revisions"}],"predecessor-version":[{"id":623,"href":"https:\/\/ics.cr\/en\/wp-json\/wp\/v2\/pages\/597\/revisions\/623"}],"wp:featuredmedia":[{"embeddable":true,"href":"https:\/\/ics.cr\/en\/wp-json\/wp\/v2\/media\/615"}],"wp:attachment":[{"href":"https:\/\/ics.cr\/en\/wp-json\/wp\/v2\/media?parent=597"}],"wp:term":[{"taxonomy":"category","embeddable":true,"href":"https:\/\/ics.cr\/en\/wp-json\/wp\/v2\/categories?post=597"},{"taxonomy":"post_tag","embeddable":true,"href":"https:\/\/ics.cr\/en\/wp-json\/wp\/v2\/tags?post=597"}],"curies":[{"name":"wp","href":"https:\/\/api.w.org\/{rel}","templated":true}]}}