{"id":621,"date":"2024-09-17T20:25:02","date_gmt":"2024-09-17T20:25:02","guid":{"rendered":"https:\/\/ics.cr\/?page_id=621"},"modified":"2024-09-17T21:04:58","modified_gmt":"2024-09-17T21:04:58","slug":"blog","status":"publish","type":"page","link":"https:\/\/ics.cr\/en\/blog\/","title":{"rendered":"Blog"},"content":{"rendered":"<style>\r\n.lwrp.link-whisper-related-posts{\r\n            \r\n            margin-top: 40px;\nmargin-bottom: 30px;\r\n        }\r\n        .lwrp .lwrp-title{\r\n            \r\n            \r\n        }.lwrp .lwrp-description{\r\n            \r\n            \r\n\r\n        }\r\n        .lwrp .lwrp-list-container{\r\n        }\r\n        .lwrp .lwrp-list-multi-container{\r\n            display: flex;\r\n        }\r\n        .lwrp .lwrp-list-double{\r\n            width: 48%;\r\n        }\r\n        .lwrp .lwrp-list-triple{\r\n            width: 32%;\r\n        }\r\n        .lwrp .lwrp-list-row-container{\r\n            display: flex;\r\n            justify-content: space-between;\r\n        }\r\n        .lwrp .lwrp-list-row-container .lwrp-list-item{\r\n            width: calc(25% - 20px);\r\n        }\r\n        .lwrp .lwrp-list-item:not(.lwrp-no-posts-message-item){\r\n            \r\n            \r\n        }\r\n        .lwrp .lwrp-list-item img{\r\n            max-width: 100%;\r\n            height: auto;\r\n            object-fit: cover;\r\n            aspect-ratio: 1 \/ 1;\r\n        }\r\n        .lwrp .lwrp-list-item.lwrp-empty-list-item{\r\n            background: initial !important;\r\n        }\r\n        .lwrp .lwrp-list-item .lwrp-list-link .lwrp-list-link-title-text,\r\n        .lwrp .lwrp-list-item .lwrp-list-no-posts-message{\r\n            \r\n            \r\n            \r\n            \r\n        }@media screen and (max-width: 480px) {\r\n            .lwrp.link-whisper-related-posts{\r\n                \r\n                \r\n            }\r\n            .lwrp .lwrp-title{\r\n                \r\n                \r\n            }.lwrp .lwrp-description{\r\n                \r\n                \r\n            }\r\n            .lwrp .lwrp-list-multi-container{\r\n                flex-direction: column;\r\n            }\r\n            .lwrp .lwrp-list-multi-container ul.lwrp-list{\r\n                margin-top: 0px;\r\n                margin-bottom: 0px;\r\n                padding-top: 0px;\r\n                padding-bottom: 0px;\r\n            }\r\n            .lwrp .lwrp-list-double,\r\n            .lwrp .lwrp-list-triple{\r\n                width: 100%;\r\n            }\r\n            .lwrp .lwrp-list-row-container{\r\n                justify-content: initial;\r\n                flex-direction: column;\r\n            }\r\n            .lwrp .lwrp-list-row-container .lwrp-list-item{\r\n                width: 100%;\r\n            }\r\n            .lwrp .lwrp-list-item:not(.lwrp-no-posts-message-item){\r\n                \r\n                \r\n            }\r\n            .lwrp .lwrp-list-item .lwrp-list-link .lwrp-list-link-title-text,\r\n            .lwrp .lwrp-list-item .lwrp-list-no-posts-message{\r\n                \r\n                \r\n                \r\n                \r\n            };\r\n        }<\/style>\r\n<div id=\"link-whisper-related-posts-widget\" class=\"link-whisper-related-posts lwrp\">\r\n            <h2 class=\"lwrp-title\">Related Posts<\/h2>    \r\n        <div class=\"lwrp-list-container\">\r\n                                            <div class=\"lwrp-list-multi-container\">\r\n                    <ul class=\"lwrp-list lwrp-list-double lwrp-list-left\">\r\n                        <li class=\"lwrp-list-item\"><a href=\"https:\/\/ics.cr\/en\/central-bank-and-federal-reserve-prepare-to-adjust-interest-rates\/\" class=\"lwrp-list-link\"><span class=\"lwrp-list-link-title-text\">Central Bank and Federal Reserve prepare to adjust their interest rates<\/span><\/a><\/li><li class=\"lwrp-list-item\"><a href=\"https:\/\/ics.cr\/en\/in-the-next-few-days-a-resolution-will-be-published-that-modifies-the-deadline-for-filing-the-declaration-before-the-transparency-registry-and-final-beneficiaries-of-2024\/\" class=\"lwrp-list-link\"><span class=\"lwrp-list-link-title-text\">In the next few days, a resolution will be published that modifies the deadline for filing the declaration before the 2024 Transparency and Beneficial Ownership Registry.<\/span><\/a><\/li><li class=\"lwrp-list-item\"><a href=\"https:\/\/ics.cr\/en\/legal-services\/financial-audit-services-internal-audit-and-risk-consulting-services\/\" class=\"lwrp-list-link\"><span class=\"lwrp-list-link-title-text\">Financial auditing, internal audit and risk consulting services<\/span><\/a><\/li><li class=\"lwrp-list-item\"><a href=\"https:\/\/ics.cr\/en\/the-gray-list\/\" class=\"lwrp-list-link\"><span class=\"lwrp-list-link-title-text\">The gray list<\/span><\/a><\/li>                    <\/ul>\r\n                    <ul class=\"lwrp-list lwrp-list-double lwrp-list-right\">\r\n                        <li class=\"lwrp-list-item\"><a href=\"https:\/\/ics.cr\/en\/business-closing-suspended\/\" class=\"lwrp-list-link\"><span class=\"lwrp-list-link-title-text\">Closing of business suspended<\/span><\/a><\/li><li class=\"lwrp-list-item\"><a href=\"https:\/\/ics.cr\/en\/ministry-of-finance-makes-available-to-citizens-web-application-for-requesting-public-data\/\" class=\"lwrp-list-link\"><span class=\"lwrp-list-link-title-text\">Ministry of Finance makes web application available to citizens for requesting public information<\/span><\/a><\/li><li class=\"lwrp-list-item\"><a href=\"https:\/\/ics.cr\/en\/value-of-assets-in-the-declaration-of-inactive-companies\/\" class=\"lwrp-list-link\"><span class=\"lwrp-list-link-title-text\">Value of assets in the declaration of inactive companies.<\/span><\/a><\/li><li class=\"lwrp-list-item\"><a href=\"https:\/\/ics.cr\/en\/publishes-new-regulations-to-the-real-estate-tax-law\/\" class=\"lwrp-list-link\"><span class=\"lwrp-list-link-title-text\">Publishes new Real Estate Tax Law Regulation<\/span><\/a><\/li>                    <\/ul>\r\n                <\/div>\r\n                        <\/div>\r\n<\/div>","protected":false},"excerpt":{"rendered":"<p>Related Posts Banco Central y Reserva Federal se preparan para ajustar sus tasas de inter\u00e9sEn los pr\u00f3ximos d\u00edas se publicar\u00e1 resoluci\u00f3n que modifica el plazo para la presentaci\u00f3n de la declaraci\u00f3n ante el Registro de Transparencia y Beneficiarios Finales del 2024Servicios de auditor\u00eda financiera, auditor\u00eda interna y consultor\u00eda en riesgoLa lista gris Cierre de negocios [&hellip;]<\/p>\n","protected":false},"author":1,"featured_media":359,"parent":0,"menu_order":0,"comment_status":"closed","ping_status":"closed","template":"","meta":{"_acf_changed":false,"footnotes":""},"categories":[12],"tags":[],"class_list":["post-621","page","type-page","status-publish","has-post-thumbnail","hentry","category-blog"],"acf":[],"_links":{"self":[{"href":"https:\/\/ics.cr\/en\/wp-json\/wp\/v2\/pages\/621","targetHints":{"allow":["GET"]}}],"collection":[{"href":"https:\/\/ics.cr\/en\/wp-json\/wp\/v2\/pages"}],"about":[{"href":"https:\/\/ics.cr\/en\/wp-json\/wp\/v2\/types\/page"}],"author":[{"embeddable":true,"href":"https:\/\/ics.cr\/en\/wp-json\/wp\/v2\/users\/1"}],"replies":[{"embeddable":true,"href":"https:\/\/ics.cr\/en\/wp-json\/wp\/v2\/comments?post=621"}],"version-history":[{"count":1,"href":"https:\/\/ics.cr\/en\/wp-json\/wp\/v2\/pages\/621\/revisions"}],"predecessor-version":[{"id":622,"href":"https:\/\/ics.cr\/en\/wp-json\/wp\/v2\/pages\/621\/revisions\/622"}],"wp:featuredmedia":[{"embeddable":true,"href":"https:\/\/ics.cr\/en\/wp-json\/wp\/v2\/media\/359"}],"wp:attachment":[{"href":"https:\/\/ics.cr\/en\/wp-json\/wp\/v2\/media?parent=621"}],"wp:term":[{"taxonomy":"category","embeddable":true,"href":"https:\/\/ics.cr\/en\/wp-json\/wp\/v2\/categories?post=621"},{"taxonomy":"post_tag","embeddable":true,"href":"https:\/\/ics.cr\/en\/wp-json\/wp\/v2\/tags?post=621"}],"curies":[{"name":"wp","href":"https:\/\/api.w.org\/{rel}","templated":true}]}}